{"id":292,"date":"2024-02-20T16:33:00","date_gmt":"2024-02-20T16:33:00","guid":{"rendered":"https:\/\/gross-mc.ch\/?page_id=292"},"modified":"2024-02-20T16:33:04","modified_gmt":"2024-02-20T16:33:04","slug":"leistungen","status":"publish","type":"page","link":"https:\/\/gross-mc.ch\/?page_id=292","title":{"rendered":"Leistungen"},"content":{"rendered":"\n   \n    <section class=\"skrollable u-clearfix u-image u-valign-middle-lg u-valign-middle-md u-valign-middle-sm u-valign-middle-xs u-section-1\" id=\"h_bild\" data-image-width=\"1280\" data-image-height=\"671\" style=\"background-image: url(&quot;https:\/\/gross-mc.ch\/wp-content\/uploads\/2024\/02\/62651ef5de7572ccf56b1d0ad49e128661dddf4b28893c912cc4f1ad075e4cc2ee896371c4c5717122bf31e54a225172762c9d961e56aa2f4e7747_1280.jpg&quot;);\">\n      <div class=\"u-clearfix u-sheet u-sheet-1\"><\/div>\n    <\/section>\n    <section class=\"u-align-center u-clearfix u-white u-section-2\" id=\"L_zusammenfassung\">\n      \n      \n      \n      \n      \n      \n      \n      \n      \n      \n      \n      \n      \n      \n      \n      \n      \n      <div class=\"u-clearfix u-sheet u-sheet-1\">\n        <h2 class=\"u-align-left u-text u-text-1\">Leistungsangebot<\/h2>\n        <div class=\"data-layout-selected u-clearfix u-expanded-width u-gutter-14 u-layout-wrap u-layout-wrap-1\">\n          <div class=\"u-layout\">\n            <div class=\"u-layout-row\">\n              <div class=\"u-container-style u-grey-10 u-layout-cell u-size-20 u-layout-cell-1\">\n                <div class=\"u-container-layout u-valign-bottom-md u-valign-bottom-sm u-valign-bottom-xs u-container-layout-1\"><span class=\"u-align-center u-file-icon u-icon u-icon-circle u-palette-1-base u-text-grey-15 u-icon-1\"><img decoding=\"async\" src=\"https:\/\/gross-mc.ch\/wp-content\/uploads\/2024\/02\/0baf0ff7.png\" alt=\"\"><\/span>\n                  <h3 class=\"u-align-left u-text u-text-default u-text-2\"> Beratung <\/h3>\n                  <p class=\"u-align-left u-text u-text-3\"> Manchmal fehlt die Zeit oder die Erfahrung bei bestimmten Fragestellungen, manchmal hilft der Blick von Fachleuten, die nicht im Betriebsalltag eingebunden sind. Wir bieten qualifizierte, effiziente und pragmatische Beratung.<br>\n                    <br>\n                  <\/p>\n                  <a href=\"https:\/\/gross-mc.ch\/?page_id=292#l_beratung\" class=\"u-active-none u-border-2 u-border-active-palette-2-dark-1 u-border-hover-palette-2-base u-border-no-left u-border-no-right u-border-no-top u-border-palette-1-base u-btn u-button-style u-hover-none u-none u-text-hover-palette-2-base u-text-palette-1-base u-btn-1\"> Mehr Infos <\/a>\n                <\/div>\n              <\/div>\n              <div class=\"u-container-style u-grey-10 u-layout-cell u-size-20 u-layout-cell-2\">\n                <div class=\"u-container-layout u-valign-bottom-md u-valign-bottom-sm u-valign-bottom-xs u-container-layout-2\"><span class=\"u-align-center u-file-icon u-icon u-icon-circle u-palette-1-base u-text-grey-15 u-icon-2\"><img decoding=\"async\" src=\"https:\/\/gross-mc.ch\/wp-content\/uploads\/2024\/02\/370f6c35.png\" alt=\"\"><\/span>\n                  <h3 class=\"u-align-left u-text u-text-default u-text-4\">Workshop<\/h3>\n                  <p class=\"u-align-left u-text u-text-5\"> Bestimmte Themen geht man am besten als Team an, strukturiert und zielorientiert. Wir bieten die flexible und ergebnisorientierte, motivierende und diskrete Durchf\u00fchrung von Workshops.&nbsp;<br>\n                    <br>\n                  <\/p>\n                  <a href=\"https:\/\/gross-mc.ch\/?page_id=292#l_workshops\" class=\"u-active-none u-border-2 u-border-active-palette-2-dark-1 u-border-hover-palette-2-base u-border-no-left u-border-no-right u-border-no-top u-border-palette-1-base u-btn u-button-style u-hover-none u-none u-text-hover-palette-2-base u-text-palette-1-base u-btn-2\"> Mehr Infos <\/a>\n                <\/div>\n              <\/div>\n              <div class=\"u-container-style u-grey-10 u-layout-cell u-size-20 u-layout-cell-3\">\n                <div class=\"u-container-layout u-container-layout-3\"><span class=\"u-align-center u-file-icon u-icon u-icon-circle u-palette-1-base u-text-grey-15 u-icon-3\"><img decoding=\"async\" src=\"https:\/\/gross-mc.ch\/wp-content\/uploads\/2024\/02\/0982e2db.png\" alt=\"\"><\/span>\n                  <h3 class=\"u-align-left u-text u-text-6\"> Turn-around- or Interim-Management <\/h3>\n                  <p class=\"u-align-left u-text u-text-7\"> In Turn-around-Situationen oder bei kurzfristigen Engp\u00e4ssen, etwa bei Personalausf\u00e4llen, \u00fcbernehmen wir \u2013 je nach Stellenprofil \u2013 auch Management-Aufgaben auf Zeit. <br>\n                  <\/p>\n                  <a href=\"https:\/\/gross-mc.ch\/?page_id=292#l_turnaround\" class=\"u-active-none u-border-2 u-border-active-palette-2-dark-1 u-border-hover-palette-2-base u-border-no-left u-border-no-right u-border-no-top u-border-palette-1-base u-btn u-button-style u-hover-none u-none u-text-hover-palette-2-base u-text-palette-1-base u-btn-3\"> Mehr Infos <\/a>\n                <\/div>\n              <\/div>\n            <\/div>\n          <\/div>\n        <\/div>\n      <\/div>\n      \n      \n      \n      \n      \n      \n    <\/section>\n    <section class=\"u-align-left u-clearfix u-section-3\" id=\"l_beratung\">\n      <div class=\"u-clearfix u-sheet u-sheet-1\">\n        <h2 class=\"u-align-left u-text u-text-1\"> Beratung <\/h2>\n        <p class=\"u-align-left u-large-text u-text u-text-variant u-text-2\"> Manchmal fehlt die Zeit oder die Erfahrung bei bestimmten Fragestellungen, manchmal hilft der Blick von Fachleuten, die nicht im Betriebsalltag eingebunden sind. Wir bieten qualifizierte, effiziente und pragmatische Beratung. <\/p>\n        <div class=\"u-clearfix u-expanded-width u-gutter-14 u-layout-wrap u-layout-wrap-1\">\n          <div class=\"u-layout\">\n            <div class=\"u-layout-row\">\n              <div class=\"u-align-center u-container-style u-image u-image-default u-layout-cell u-shading u-shape-round u-size-30 u-image-1\" data-image-width=\"5000\" data-image-height=\"3000\" style=\"background-image: linear-gradient(0deg, rgba(255, 255, 255, 0.25), rgba(255, 255, 255, 0.25)), url(&quot;https:\/\/gross-mc.ch\/wp-content\/uploads\/2024\/02\/44016829-0.jpeg&quot;);\">\n                <div class=\"u-container-layout u-valign-top u-container-layout-1\"><\/div>\n              <\/div>\n              <div class=\"u-container-style u-grey-10 u-layout-cell u-size-30 u-layout-cell-2\">\n                <div class=\"u-container-layout u-container-layout-2\">\n                  <p class=\"u-align-left u-text u-text-3\"> Wir unterst\u00fctzen die VR-Stufe und das obere Management sowohl in strategischen als auch operativen Fragestellungen, namentlich mittels <\/p>\n                  <ul class=\"u-align-left u-text u-text-4\">\n                    <li> Strategie\u00fcberpr\u00fcfung und -entwicklung (allgemeine Gesch\u00e4ftsstrategie oder Strategien spezifisch f\u00fcr einzelne Einheiten\/Produktlinien, f\u00fcr Digitalisierung, Internationalisierung, In-\/ Outsourcing, Partnerschafts-Management usw.)&nbsp;<\/li>\n                    <li> Entwicklung einer Marketingstrategie: Unterst\u00fctzung bei der Positionierung, Potenzialabkl\u00e4rung und grunds\u00e4tzlichen Ausrichtung der Marketinginstrumente&nbsp;<\/li>\n                    <li> Analyse und Aufbereitung komplexer oder kontroverser Themen als Entscheidungsgrundlage&nbsp;<\/li>\n                    <li> Optimierung von Organisationsstrukturen und Schl\u00fcsselprozessen, inkl. Einf\u00fchrung geeigneter Instrumente im Rahmen einer nachhaltigen Umsetzung&nbsp;<\/li>\n                    <li> Verbesserungen im Projekt-(portfolio-)Management <\/li>\n                    <li> Wahrnehmen der Rolle eines Auftraggeber-Vertreters in spezifischen, oftmals besonders heiklen Projekten oder Situationen <\/li>\n                    <li> Beratung bzw. \u00dcbernahme von Teilfunktionen in der Informationsgewinnung, insbesondere in der Markt-\/Meinungsforschung: Beschaffung und Analyse der f\u00fcr die anstehenden Entscheidungen notwendigen Daten (Konzeption der Informationsbeschaffung, Unterst\u00fctzung bei Auswahl von bzw. Kooperation mit Marktforschungsinstituten, Auswertung und Analyse, Empfehlungen im Hinblick auf die Ausgangsfragen) <\/li>\n                  <\/ul>\n                <\/div>\n              <\/div>\n            <\/div>\n          <\/div>\n        <\/div>\n      <\/div>\n    <\/section>\n    <section class=\"skrollable u-align-left u-clearfix u-section-4\" id=\"l_workshops\">\n      <div class=\"u-clearfix u-sheet u-sheet-1\">\n        <h2 class=\"u-align-left u-text u-text-palette-1-base u-text-1\">Workshops<\/h2>\n        <p class=\"u-align-left u-large-text u-text u-text-body-color u-text-variant u-text-2\"> Bestimmte Themen geht man am besten als Team an, strukturiert und zielorientiert. Wir bieten die flexible und ergebnisorientierte, motivierende und diskrete Durchf\u00fchrung von Workshops. <\/p>\n        <div class=\"u-clearfix u-expanded-width u-gutter-18 u-layout-wrap u-layout-wrap-1\">\n          <div class=\"u-layout\">\n            <div class=\"u-layout-row\">\n              <div class=\"u-container-align-center u-container-style u-image u-layout-cell u-opacity u-opacity-75 u-shading u-size-30 u-image-1\" data-image-width=\"1280\" data-image-height=\"960\" style=\"background-image: linear-gradient(0deg, rgba(255, 255, 255, 0.35), rgba(255, 255, 255, 0.35)), url(&quot;https:\/\/gross-mc.ch\/wp-content\/uploads\/2024\/02\/d38306540117c850fa9870bb83850960f159d63eb97597f1812683c53c8ee1664e629fe72970c0e87d75892d0f302cd2b969b8b1eee4a4a5312b4a_1280.png&quot;);\">\n                <div class=\"u-container-layout u-container-layout-1\"><\/div>\n              <\/div>\n              <div class=\"u-container-style u-grey-10 u-layout-cell u-opacity u-opacity-85 u-size-30 u-layout-cell-2\">\n                <div class=\"u-container-layout u-container-layout-2\">\n                  <p class=\"u-align-left u-text u-text-body-color u-text-3\"> F\u00fcr ein klar definiertes Thema werden die vorhandenen Einflussfaktoren mit Ihren F\u00fchrungskr\u00e4ften bzw. Mitarbeitenden analysiert und Probleml\u00f6sungen entwickelt, diskutiert, bewertet bzw. ein abschliessender Massnahmenkatalog samt Zeitplan beschlossen. Der effiziente und diskrete Austausch mit kompetenten Sparringpartnern \u2013 losgel\u00f6st von Abteilungsgrenzen oder Hierarchien \u2013 f\u00fchrt nicht nur zu besseren L\u00f6sungen, diese werden auch mit mehr pers\u00f6nlichem Engagement umgesetzt. Durch unsere Erfahrung in Vorbereitung, Moderation und Dokumentation, unsere Methodenkompetenz, unser Einf\u00fchlungsverm\u00f6gen und unsere Flexibilit\u00e4t ist sichergestellt, dass am Ende des Tages auch \u00abN\u00e4gel eingeschlagen\u00bb werden. <\/p>\n                <\/div>\n              <\/div>\n            <\/div>\n          <\/div>\n        <\/div>\n      <\/div>\n    <\/section>\n    <section class=\"u-align-left u-clearfix u-section-5\" id=\"l_turnaround\">\n      <div class=\"u-clearfix u-sheet u-sheet-1\">\n        <h2 class=\"u-align-left u-text u-text-1\"> Turn-around- oder Interim-Management <\/h2>\n        <p class=\"u-align-left u-large-text u-text u-text-variant u-text-2\"> In Turn-around-Situationen oder bei kurzfristigen Engp\u00e4ssen, etwa bei Personalausf\u00e4llen, \u00fcbernehmen wir \u2013 je nach Stellenprofil \u2013 auch Management-Aufgaben auf Zeit. <\/p>\n        <div class=\"u-clearfix u-expanded-width u-gutter-18 u-layout-wrap u-layout-wrap-1\">\n          <div class=\"u-layout\">\n            <div class=\"u-layout-row\">\n              <div class=\"u-container-align-center u-container-style u-image u-layout-cell u-opacity u-opacity-75 u-shading u-shape-round u-size-30 u-image-1\" data-image-width=\"5616\" data-image-height=\"3744\" style=\"background-image: linear-gradient(0deg, rgba(255, 255, 255, 0.25), rgba(255, 255, 255, 0.25)), url(&quot;https:\/\/gross-mc.ch\/wp-content\/uploads\/2024\/02\/44016829-01.jpeg&quot;);\">\n                <div class=\"u-container-layout u-container-layout-1\"><\/div>\n              <\/div>\n              <div class=\"u-container-style u-grey-10 u-layout-cell u-opacity u-opacity-85 u-size-30 u-layout-cell-2\">\n                <div class=\"u-container-layout u-container-layout-2\">\n                  <p class=\"u-align-left u-text u-text-grey-60 u-text-3\"><!--\n \/* Font Definitions *\/\n @font-face\n\t{font-family:\"Cambria Math\";\n\tpanose-1:2 4 5 3 5 4 6 3 2 4;\n\tmso-font-charset:0;\n\tmso-generic-font-family:roman;\n\tmso-font-pitch:variable;\n\tmso-font-signature:-536870145 1107305727 0 0 415 0;}\n@font-face\n\t{font-family:Calibri;\n\tpanose-1:2 15 5 2 2 2 4 3 2 4;\n\tmso-font-charset:0;\n\tmso-generic-font-family:swiss;\n\tmso-font-pitch:variable;\n\tmso-font-signature:-536859905 -1073732485 9 0 511 0;}\n \/* Style Definitions *\/\n p.MsoNormal, li.MsoNormal, div.MsoNormal\n\t{mso-style-unhide:no;\n\tmso-style-qformat:yes;\n\tmso-style-parent:\"\";\n\tmargin-top:0cm;\n\tmargin-right:0cm;\n\tmargin-bottom:8.0pt;\n\tmargin-left:0cm;\n\tline-height:107%;\n\tmso-pagination:widow-orphan;\n\tfont-size:11.0pt;\n\tfont-family:\"Calibri\",sans-serif;\n\tmso-ascii-font-family:Calibri;\n\tmso-ascii-theme-font:minor-latin;\n\tmso-fareast-font-family:Calibri;\n\tmso-fareast-theme-font:minor-latin;\n\tmso-hansi-font-family:Calibri;\n\tmso-hansi-theme-font:minor-latin;\n\tmso-bidi-font-family:\"Times New Roman\";\n\tmso-bidi-theme-font:minor-bidi;\n\tmso-fareast-language:EN-US;}\n.MsoChpDefault\n\t{mso-style-type:export-only;\n\tmso-default-props:yes;\n\tfont-size:11.0pt;\n\tmso-ansi-font-size:11.0pt;\n\tmso-bidi-font-size:11.0pt;\n\tfont-family:\"Calibri\",sans-serif;\n\tmso-ascii-font-family:Calibri;\n\tmso-ascii-theme-font:minor-latin;\n\tmso-fareast-font-family:Calibri;\n\tmso-fareast-theme-font:minor-latin;\n\tmso-hansi-font-family:Calibri;\n\tmso-hansi-theme-font:minor-latin;\n\tmso-bidi-font-family:\"Times New Roman\";\n\tmso-bidi-theme-font:minor-bidi;\n\tmso-fareast-language:EN-US;}\n.MsoPapDefault\n\t{mso-style-type:export-only;\n\tmargin-bottom:8.0pt;\n\tline-height:107%;}\n@page WordSection1\n\t{size:612.0pt 792.0pt;\n\tmargin:70.85pt 70.85pt 2.0cm 70.85pt;\n\tmso-header-margin:36.0pt;\n\tmso-footer-margin:36.0pt;\n\tmso-paper-source:0;}\ndiv.WordSection1\n\t{page:WordSection1;}\n--> In Notsituationen k\u00f6nnen wir Sie unter Umst\u00e4nden \u2013 d. h. wenn unsere F\u00e4higkeiten und Erfahrungen passen \u2013 als \u00abManager auf Zeit\u00bb sowie beim Finden und Umsetzen nachhaltiger L\u00f6sungen des Problems unterst\u00fctzen. Dies bedeutet:<br>\n                  <\/p>\n                  <ul class=\"u-align-left u-text u-text-4\">\n                    <li> Geplante oder unvorhergesehene Vakanzen k\u00f6nnen besser abgefedert werden.<\/li>\n                    <li> In Krisen- oder Turnaround-Situationen haben Sie zus\u00e4tzliche Managementkapazit\u00e4ten mit unbefangener Herangehensweise.&nbsp;<\/li>\n                    <li> F\u00fcr die Umsetzung angestrebter Ver\u00e4nderungen oder aussergew\u00f6hnlicher Projekte haben Sie einen externen Change-Manager oder Projektleiter, der die Einhaltung Ihrer inhaltlichen, zeitlichen und wirtschaftlichen Ziele sicherstellt.<\/li>\n                  <\/ul>\n                <\/div>\n              <\/div>\n            <\/div>\n          <\/div>\n        <\/div>\n      <\/div>\n    <\/section>\n    \n    \n    \n    \n  \n","protected":false},"excerpt":{"rendered":"<p>Leistungsangebot Beratung Manchmal fehlt die Zeit oder die Erfahrung bei bestimmten Fragestellungen, manchmal hilft der Blick von Fachleuten, die nicht im Betriebsalltag eingebunden sind. Wir bieten qualifizierte, effiziente und pragmatische Beratung. Mehr Infos Workshop Bestimmte Themen geht man am besten als Team an, strukturiert und zielorientiert. Wir bieten die flexible und ergebnisorientierte, motivierende und diskrete &hellip; <a href=\"https:\/\/gross-mc.ch\/?page_id=292\" class=\"more-link\">Continue reading<span class=\"screen-reader-text\"> &#8222;Leistungen&#8220;<\/span><\/a><\/p>\n","protected":false},"author":1,"featured_media":0,"parent":0,"menu_order":1,"comment_status":"closed","ping_status":"closed","template":"","meta":{"footnotes":""},"class_list":["post-292","page","type-page","status-publish","hentry"],"_links":{"self":[{"href":"https:\/\/gross-mc.ch\/index.php?rest_route=\/wp\/v2\/pages\/292","targetHints":{"allow":["GET"]}}],"collection":[{"href":"https:\/\/gross-mc.ch\/index.php?rest_route=\/wp\/v2\/pages"}],"about":[{"href":"https:\/\/gross-mc.ch\/index.php?rest_route=\/wp\/v2\/types\/page"}],"author":[{"embeddable":true,"href":"https:\/\/gross-mc.ch\/index.php?rest_route=\/wp\/v2\/users\/1"}],"replies":[{"embeddable":true,"href":"https:\/\/gross-mc.ch\/index.php?rest_route=%2Fwp%2Fv2%2Fcomments&post=292"}],"version-history":[{"count":1,"href":"https:\/\/gross-mc.ch\/index.php?rest_route=\/wp\/v2\/pages\/292\/revisions"}],"predecessor-version":[{"id":296,"href":"https:\/\/gross-mc.ch\/index.php?rest_route=\/wp\/v2\/pages\/292\/revisions\/296"}],"wp:attachment":[{"href":"https:\/\/gross-mc.ch\/index.php?rest_route=%2Fwp%2Fv2%2Fmedia&parent=292"}],"curies":[{"name":"wp","href":"https:\/\/api.w.org\/{rel}","templated":true}]}}